{"id":2213,"date":"2023-02-24T15:44:13","date_gmt":"2023-02-24T14:44:13","guid":{"rendered":"https:\/\/dev-wordpress-6a44d208e779.hyperlane.co\/privacy-policy\/"},"modified":"2025-06-23T17:17:47","modified_gmt":"2025-06-23T15:17:47","slug":"datenschutzerklarung","status":"publish","type":"page","link":"https:\/\/www.dignify.agency\/de\/datenschutzerklarung\/","title":{"rendered":"Privacy Policy"},"content":{"rendered":"\n<h3 class=\"wp-block-heading\">DSGVO-Datenschutzerkl\u00e4rung<\/h3>\n\n\n\n<p>Dignify,<\/p>\n\n\n\n<p>mit Sitz in<br>Houtparklaan 1 bus 10,<\/p>\n\n\n\n<p>3600 Genk,<br>Belgien,<\/p>\n\n\n\n<p>ist verantwortlich f\u00fcr die Verarbeitung personenbezogener Daten, wie in dieser DSGVO-Datenschutzerkl\u00e4rung dargestellt. Diese DSGVO-Datenschutzerkl\u00e4rung gilt sowohl f\u00fcr unsere Website&nbsp;<a href=\"https:\/\/www.dignify.agency\/\" target=\"_blank\" rel=\"noreferrer noopener\">https:\/\/www.dignify.agency<\/a>&nbsp;als auch f\u00fcr alle Beziehungen zwischen Dignify und seinen Kunden, Interessenten und Partnern.<\/p>\n\n\n\n<h3 class=\"wp-block-heading\">Welche Daten sammeln wir?<\/h3>\n\n\n\n<p>Dignify sammelt und verarbeitet Ihre personenbezogenen Daten, weil Sie unsere Dienstleistungen nutzen und\/oder weil Sie diese selbst bereitstellen.<\/p>\n\n\n\n<p>Nachfolgend finden Sie eine \u00dcbersicht der personenbezogenen Daten, die wir verarbeiten:<\/p>\n\n\n\n<ul>\n<li>PI-Daten (pers\u00f6nliche Identifikation): Vorname, Nachname, E-Mail-Adresse(n), Telefonnummer, Mobilnummer, etc.<\/li>\n\n\n\n<li>Online\/elektronische Identifikationsdaten (IP-Adresse, Cookies, Browsertyp, Zeitzone, Standort, etc.) Die Beschreibung, wie Daten \u00fcber Cookies gesammelt werden und wie, finden Sie in einer separaten\u00a0<a href=\"\/de\/datenschutzerklarung\">Cookie-Richtlinie<\/a>.<\/li>\n\n\n\n<li>Pers\u00f6nliche Details und Berufserfahrung (im Falle von Bewerbern): Ausbildung, Alter, Geschlecht, Referenzen, Lebenslauf, etc.<\/li>\n\n\n\n<li>Daten, Interessen und Pr\u00e4ferenzen, die \u00fcber (Online-)Formulare erfasst werden: (Content-)Download-Formulare, Kontaktseite, etc.<\/li>\n<\/ul>\n\n\n\n<h3 class=\"wp-block-heading\">Besondere und\/oder sensible personenbezogene Daten, die wir verarbeiten<\/h3>\n\n\n\n<p>Unsere Website und\/oder Dienstleistungen sind nicht darauf ausgerichtet, Daten \u00fcber Website-Besucher unter 16 Jahren zu sammeln. Es sei denn, sie haben die Erlaubnis ihrer Eltern oder Erziehungsberechtigten. Wir k\u00f6nnen jedoch nicht \u00fcberpr\u00fcfen, ob ein Besucher \u00e4lter als 16 Jahre ist. Wir raten daher Eltern, sich an den Online-Aktivit\u00e4ten ihrer Kinder zu beteiligen, um zu verhindern, dass Daten \u00fcber Kinder ohne elterliche Zustimmung gesammelt werden. Wenn Sie \u00fcberzeugt sind, dass wir personenbezogene Informationen \u00fcber einen Minderj\u00e4hrigen ohne diese Erlaubnis gesammelt haben, kontaktieren Sie uns bitte unter privacy@dignify.be und wir werden diese Informationen l\u00f6schen.<\/p>\n\n\n\n<h3 class=\"wp-block-heading\">Wie sammeln wir Ihre Daten?<\/h3>\n\n\n\n<p>Sie stellen Dignify direkt den gr\u00f6\u00dften Teil der Daten zur Verf\u00fcgung, die wir sammeln. Wir sammeln Daten und verarbeiten Daten, wenn Sie:<\/p>\n\n\n\n<ul>\n<li>Freiwillig eine Kundenumfrage ausf\u00fcllen oder Feedback auf einem unserer Nachrichtenboards oder per E-Mail geben.<\/li>\n\n\n\n<li>Unsere Website \u00fcber die Cookies Ihres Browsers nutzen oder anzeigen<\/li>\n<\/ul>\n\n\n\n<h3 class=\"wp-block-heading\">Wie verwenden\/wir verarbeiten wir Ihre personenbezogenen Daten?<\/h3>\n\n\n\n<p>Dignify verarbeitet Ihre personenbezogenen Daten f\u00fcr folgende Zwecke:<\/p>\n\n\n\n<ol>\n<li>Versand unseres Newsletters, Unternehmens-Updates, zielgerichtetes Marketing, Zufriedenheitsumfragen\/-studien und Werbung und\/oder Werbeangebote.<\/li>\n\n\n\n<li>Um Sie anrufen oder per E-Mail kontaktieren zu k\u00f6nnen, falls dies notwendig ist, um unsere Dienstleistungen erbringen zu k\u00f6nnen.<\/li>\n\n\n\n<li>Um unsere Vertr\u00e4ge und Verpflichtungen ordnungsgem\u00e4\u00df ausf\u00fchren zu k\u00f6nnen (Verwaltung, Rechnungsstellung, etc.).<\/li>\n<\/ol>\n\n\n\n<h3 class=\"wp-block-heading\">Wie speichern wir Ihre personenbezogenen Daten?<\/h3>\n\n\n\n<p>Dignify speichert Ihre personenbezogenen Daten nicht l\u00e4nger als unbedingt erforderlich, um die Zwecke zu erreichen, f\u00fcr die Ihre Daten gesammelt werden.<\/p>\n\n\n\n<p>Wir verwenden die folgenden Aufbewahrungsfristen f\u00fcr die folgenden (Kategorien) personenbezogener Daten:<\/p>\n\n\n\n<ul>\n<li>Personenbezogene Daten von Bewerbern werden 2 Jahre nach Abschluss des Einstellungsverfahrens gespeichert.<\/li>\n\n\n\n<li>Personenbezogene Daten von Interessenten werden 5 Jahre gespeichert.<\/li>\n\n\n\n<li>Personenbezogene Daten von Kunden werden w\u00e4hrend der gesamten Dauer unserer vertraglichen Beziehung und f\u00fcr 10 Jahre danach gespeichert.<\/li>\n<\/ul>\n\n\n\n<p>Sobald dieser Zeitraum abgelaufen ist, werden wir Ihre Daten l\u00f6schen. Bewerber und Interessenten k\u00f6nnen jederzeit \u00fcber&nbsp;<a href=\"mailto:privacy@dignify.be\" target=\"_blank\" rel=\"noreferrer noopener\">privacy@dignify.be<\/a>&nbsp;beantragen, ihre personenbezogenen Daten zu entfernen.<\/p>\n\n\n\n<h3 class=\"wp-block-heading\">Weitergabe personenbezogener Daten an Dritte<\/h3>\n\n\n\n<p>Dignify stellt personenbezogene Daten nur an Dritte zur Verf\u00fcgung, wenn dies f\u00fcr die Ausf\u00fchrung unserer Vereinbarung mit Ihnen oder zur Erf\u00fcllung einer gesetzlichen Verpflichtung erforderlich ist.<\/p>\n\n\n\n<h3 class=\"wp-block-heading\">Welche Datenschutzrechte haben Sie?<\/h3>\n\n\n\n<p>Dignify m\u00f6chte sicherstellen, dass Sie sich aller Ihrer Datenschutzrechte vollst\u00e4ndig bewusst sind. Jeder Nutzer hat Anspruch auf Folgendes:<\/p>\n\n\n\n<ul>\n<li>Das Recht auf Zugang \u2013 Sie haben das Recht, von Dignify Kopien Ihrer personenbezogenen Daten anzufordern. Wir k\u00f6nnen Ihnen eine kleine Geb\u00fchr f\u00fcr den Service berechnen.<\/li>\n\n\n\n<li>Das Recht auf Berichtigung \u2013 Sie haben das Recht zu verlangen, dass Dignify alle Informationen korrigiert, die Sie f\u00fcr ungenau halten. Sie haben auch das Recht zu verlangen, dass Dignify Informationen vervollst\u00e4ndigt, die Sie f\u00fcr unvollst\u00e4ndig halten.<\/li>\n\n\n\n<li>Das Recht auf L\u00f6schung \u2013 Sie haben das Recht zu verlangen, dass Dignify Ihre personenbezogenen Daten unter bestimmten Bedingungen l\u00f6scht.<\/li>\n\n\n\n<li>Das Recht auf Einschr\u00e4nkung der Verarbeitung \u2013 Sie haben das Recht zu verlangen, dass Dignify die Verarbeitung Ihrer personenbezogenen Daten unter bestimmten Bedingungen einschr\u00e4nkt.<\/li>\n\n\n\n<li>Das Recht auf Widerspruch gegen die Verarbeitung \u2013 Sie haben das Recht, der Verarbeitung Ihrer personenbezogenen Daten durch Dignify unter bestimmten Bedingungen zu widersprechen.<\/li>\n\n\n\n<li>Das Recht auf Daten\u00fcbertragbarkeit \u2013 Sie haben das Recht zu verlangen, dass Dignify die Daten, die wir gesammelt haben, unter bestimmten Bedingungen an eine andere Organisation oder direkt an Sie \u00fcbertr\u00e4gt.<\/li>\n<\/ul>\n\n\n\n<p>Wenn Sie eine Anfrage stellen, haben wir einen Monat Zeit, um Ihnen zu antworten. Wenn Sie eines dieser Rechte aus\u00fcben m\u00f6chten, kontaktieren Sie uns bitte unter unserer E-Mail:&nbsp;<a href=\"mailto:privacy@dignify.be\" target=\"_blank\" rel=\"noreferrer noopener\">privacy@dignify.be<\/a>. Um sicherzustellen, dass die Anfrage auf Zugang von Ihnen gestellt wurde, bitten wir Sie, eine Kopie Ihres Ausweises mit der Anfrage zu senden.<\/p>\n\n\n\n<p><strong>Wie sch\u00fctzen wir personenbezogene Daten?<\/strong><\/p>\n\n\n\n<p>Dignify nimmt den Schutz Ihrer Daten ernst und trifft angemessene Ma\u00dfnahmen, um Missbrauch, Verlust, unbefugten Zugriff, unerw\u00fcnschte Offenlegung und unbefugte \u00c4nderung zu verhindern. Wenn Sie den Eindruck haben, dass Ihre Daten nicht ordnungsgem\u00e4\u00df gesichert sind oder es Anzeichen f\u00fcr Missbrauch gibt, kontaktieren Sie bitte unseren Kundenservice oder \u00fcber&nbsp;<a href=\"mailto:privacy@dignify.be\" target=\"_blank\" rel=\"noreferrer noopener\">privacy@dignify.be<\/a>.<\/p>\n\n\n\n<h3 class=\"wp-block-heading\">Datenschutzrichtlinien anderer Websites<\/h3>\n\n\n\n<p>Die Dignify-Website k\u00f6nnte Links zu anderen Websites enthalten. Unsere Datenschutzrichtlinie gilt nur f\u00fcr unsere Website. Wenn Sie also auf einen Link zu einer anderen Website klicken, sollten Sie deren Datenschutzrichtlinie lesen.<\/p>\n\n\n\n<h3 class=\"wp-block-heading\">\u00c4nderungen an unseren Datenschutzrichtlinien<\/h3>\n\n\n\n<p>Dignify \u00fcberpr\u00fcft seine Datenschutzrichtlinie regelm\u00e4\u00dfig und ver\u00f6ffentlicht alle Updates auf der Webseite. Diese Datenschutzrichtlinie wurde zuletzt am&nbsp;<em>17. M\u00e4rz 2021<\/em>&nbsp;aktualisiert.<\/p>\n\n\n\n<h3 class=\"wp-block-heading\">Wie k\u00f6nnen Sie uns kontaktieren<\/h3>\n\n\n\n<p>Wenn Sie Fragen zu Dignifys Datenschutzrichtlinie, den Daten, die wir \u00fcber Sie haben, oder wenn Sie eines Ihrer Datenschutzrechte aus\u00fcben m\u00f6chten, z\u00f6gern Sie bitte nicht, uns zu kontaktieren.<\/p>\n\n\n\n<p><em>Website:<\/em>&nbsp;<a href=\"https:\/\/www.dignify.agency\/\" target=\"_blank\" rel=\"noreferrer noopener\">https:\/\/www.dignify.agency<\/a><\/p>\n\n\n\n<p><em>Adresse:<\/em>&nbsp;<br>Houtparklaan 1 bus 10,<br>3600 Genk,<br>Belgien<\/p>\n\n\n\n<p><em>E-Mail an uns:<\/em><\/p>\n\n\n\n<p>Jimmy Guarraci ist der Datenschutzbeauftragte von Dignify und kann \u00fcber&nbsp;<a href=\"mailto:jimmy.guarraci@dignify.be\" target=\"_blank\" rel=\"noreferrer noopener\">jimmy.guarraci@dignify.be<\/a>&nbsp;erreicht werden.<\/p>\n\n\n\n<p>Bei Fragen zu dieser DSGVO-Datenschutzerkl\u00e4rung kontaktieren Sie uns bitte per E-Mail:&nbsp;<a href=\"mailto:privacy@dignify.be\" target=\"_blank\" rel=\"noreferrer noopener\">privacy@dignify.be<\/a><\/p>\n\n\n\n<h3 class=\"wp-block-heading\">Wie Sie die zust\u00e4ndige Beh\u00f6rde kontaktieren<\/h3>\n\n\n\n<p>Dignify m\u00f6chte auch darauf hinweisen, dass Sie das Recht haben, eine Beschwerde bei der nationalen Aufsichtsbeh\u00f6rde einzureichen. Dies kann \u00fcber den folgenden Link erfolgen:&nbsp;<a href=\"http:\/\/www.gegevensbeschermingsautoriteit.be\/\" target=\"_blank\" rel=\"noreferrer noopener\">www.gegevensbeschermingsautoriteit.be<\/a><\/p>\n\n\n\n<h2 class=\"wp-block-heading\"><\/h2>\n","protected":false},"excerpt":{"rendered":"<p>DSGVO-Datenschutzerkl\u00e4rung Dignify, mit Sitz inHoutparklaan 1 bus 10, 3600 Genk,Belgien, ist verantwortlich f\u00fcr die Verarbeitung personenbezogener Daten, wie in dieser DSGVO-Datenschutzerkl\u00e4rung dargestellt. Diese DSGVO-Datenschutzerkl\u00e4rung gilt sowohl f\u00fcr unsere Website&nbsp;https:\/\/www.dignify.agency&nbsp;als auch f\u00fcr alle Beziehungen zwischen Dignify und seinen Kunden, Interessenten und Partnern. Welche Daten sammeln wir? Dignify sammelt und verarbeitet Ihre personenbezogenen Daten, weil Sie unsere [&hellip;]<\/p>\n","protected":false},"author":1,"featured_media":0,"parent":0,"menu_order":0,"comment_status":"closed","ping_status":"open","template":"legal.php","meta":{"_acf_changed":false,"footnotes":""},"acf":[],"_links":{"self":[{"href":"https:\/\/www.dignify.agency\/de\/wp-json\/wp\/v2\/pages\/2213"}],"collection":[{"href":"https:\/\/www.dignify.agency\/de\/wp-json\/wp\/v2\/pages"}],"about":[{"href":"https:\/\/www.dignify.agency\/de\/wp-json\/wp\/v2\/types\/page"}],"author":[{"embeddable":true,"href":"https:\/\/www.dignify.agency\/de\/wp-json\/wp\/v2\/users\/1"}],"replies":[{"embeddable":true,"href":"https:\/\/www.dignify.agency\/de\/wp-json\/wp\/v2\/comments?post=2213"}],"version-history":[{"count":3,"href":"https:\/\/www.dignify.agency\/de\/wp-json\/wp\/v2\/pages\/2213\/revisions"}],"predecessor-version":[{"id":2446,"href":"https:\/\/www.dignify.agency\/de\/wp-json\/wp\/v2\/pages\/2213\/revisions\/2446"}],"wp:attachment":[{"href":"https:\/\/www.dignify.agency\/de\/wp-json\/wp\/v2\/media?parent=2213"}],"curies":[{"name":"wp","href":"https:\/\/api.w.org\/{rel}","templated":true}]}}